{"id":528,"date":"2021-11-21T13:15:19","date_gmt":"2021-11-21T13:15:19","guid":{"rendered":"https:\/\/impreza25.us-themes.com\/?page_id=528"},"modified":"2026-01-08T10:15:55","modified_gmt":"2026-01-08T10:15:55","slug":"hotel","status":"publish","type":"page","link":"https:\/\/travelphilosophy.fr\/fr\/","title":{"rendered":"Home"},"content":{"rendered":"<section class=\"l-section wpb_row us_custom_edb423b1 height_custom full_height valign_center color_primary\" id=\"background_home\"><div class=\"l-section-overlay\" style=\"background:rgba(0,0,0,0.30)\"><\/div><div class=\"l-section-h i-cf\"><div class=\"g-cols vc_row via_grid cols_2 laptops-cols_inherit tablets-cols_inherit mobiles-cols_1 valign_top type_default stacking_default\" style=\"--gap:0rem;\"><div class=\"wpb_column vc_column_container\"><div class=\"vc_column-inner\"><\/div><\/div><div class=\"wpb_column vc_column_container\"><div class=\"vc_column-inner\"><div class=\"wpb_text_column us_custom_8de046a8 us_animate_this\"><div class=\"wpb_wrapper\"><h1>Travel<br \/>\n<em>Philosophy<\/em><\/h1>\n<\/div><\/div><div class=\"w-separator size_large\"><\/div><div class=\"w-btn-wrapper align_none\"><a class=\"w-btn us-btn-style_26 us_custom_ba870b58 us_animate_this\" href=\"#value\"><span class=\"w-btn-label\">More<\/span><\/a><\/div>[vc_raw_js]JTNDc2NyaXB0JTNFJTBBY29uc3QlMjBpbWFnZXMlMjAlM0QlMjAlNUIlMEElMjdodHRwcyUzQSUyRiUyRnRyYXZlbHBoaWxvc29waHkuZnIlMkZ3cC1jb250ZW50JTJGdXBsb2FkcyUyRjIwMjUlMkYwMSUyRmFsZXgtaGFsbC1TUy1kNG5NTndpUS11bnNwbGFzaC1lMTYzODE5MDYyOTU3OS53ZWJwJTI3JTJDJTBBJTIwJTIwJTIwJTIwJTI3aHR0cHMlM0ElMkYlMkZ0cmF2ZWxwaGlsb3NvcGh5LmZyJTJGd3AtY29udGVudCUyRnVwbG9hZHMlMkYyMDI1JTJGMDElMkYyMDIyMTIyM18xNjQ2MDQtc2NhbGVkLmpwZyUyNyUyQyUwQSUyMCUyMCUyMCUyMCUyN2h0dHBzJTNBJTJGJTJGdHJhdmVscGhpbG9zb3BoeS5mciUyRndwLWNvbnRlbnQlMkZ1cGxvYWRzJTJGMjAyNSUyRjAxJTJGMjAyMzAyMDJfMDczMDIxLWR1bmUuanBnJTI3JTJDJTBBJTIwJTIwJTIwJTIwJTI3aHR0cHMlM0ElMkYlMkZ0cmF2ZWxwaGlsb3NvcGh5LmZyJTJGd3AtY29udGVudCUyRnVwbG9hZHMlMkYyMDI1JTJGMDElMkYyMDIyMTIyNV8xNTMyMDUuanBnJTI3JTBBJTVEJTNCJTBBJTBBbGV0JTIwY3VycmVudEluZGV4JTIwJTNEJTIwMCUzQiUwQSUwQWZ1bmN0aW9uJTIwY2hhbmdlQmFja2dyb3VuZCUyOCUyOSUyMCU3QiUwQSUyMCUyMCUyMCUyMGNvbnN0JTIwYmFja2dyb3VuZEVsZW1lbnQlMjAlM0QlMjBkb2N1bWVudC5nZXRFbGVtZW50QnlJZCUyOCUyN2JhY2tncm91bmRfaG9tZSUyNyUyOSUzQiUwQSUyMCUyMCUyMCUyMCUwQSUyMCUyMCUyMCUyMGJhY2tncm91bmRFbGVtZW50LnN0eWxlLmJhY2tncm91bmRJbWFnZSUyMCUzRCUyMCU2MHVybCUyOCUyNCU3QmltYWdlcyU1QmN1cnJlbnRJbmRleCU1RCU3RCUyOSU2MCUzQiUwQSUwQSUyMCUyMCUyMCUyMGN1cnJlbnRJbmRleCUyMCUzRCUyMCUyOGN1cnJlbnRJbmRleCUyMCUyQiUyMDElMjklMjAlMjUlMjBpbWFnZXMubGVuZ3RoJTNCJTBBJTdEJTBBJTBBc2V0SW50ZXJ2YWwlMjhjaGFuZ2VCYWNrZ3JvdW5kJTJDJTIwNTAwMCUyOSUzQiUwQSUwQWNoYW5nZUJhY2tncm91bmQlMjglMjklM0IlMEElM0MlMkZzY3JpcHQlM0U=[\/vc_raw_js]<\/div><\/div><\/div><\/div><\/section><section class=\"l-section wpb_row height_custom\" id=\"value\"><div class=\"l-section-h i-cf\"><div class=\"g-cols vc_row via_grid cols_2 laptops-cols_inherit tablets-cols_inherit mobiles-cols_1 valign_top type_default stacking_default\" style=\"--gap:0rem;\"><div class=\"wpb_column vc_column_container\"><div class=\"vc_column-inner\"><div class=\"w-separator size_custom\" style=\"height:6vh\" id=\"b1a0\"><style>@media(max-width:1024px){ #b1a0{height:14hv!important}}@media(max-width:479px){ #b1a0{height:10hv!important}}<\/style><\/div><div class=\"wpb_text_column us_custom_7d39fe36 us_animate_this\"><div class=\"wpb_wrapper\"><h2 style=\"text-align: right;\"><strong>Nous<br \/>\n<em>conna\u00eetre<\/em><\/strong><\/h2>\n<\/div><\/div><div class=\"w-separator size_medium\"><\/div><div class=\"wpb_text_column us_custom_ef675d0d us_animate_this\"><div class=\"wpb_wrapper\"><p>D\u00e9couvrir le monde est un voyage sans fin ; Une chance pour ceux qui en ont la possibilit\u00e9. Apr\u00e8s avoir travaill\u00e9 plus de 20 ans dans l&rsquo;industrie du voyage de luxe, j&rsquo;ai d\u00e9cid\u00e9 de me lancer dans une nouvelle aventure avec ma propre agence de voyage, Travel Philosophy. L&rsquo;id\u00e9e est de partager ma passion du voyage et le plaisir de trouver le lieu id\u00e9al pour chacun.<\/p>\n<p>Ayant \u00e9tudi\u00e9 la philosophie, j\u2019ai essay\u00e9 de r\u00e9unir mes deux passions dans le nom de la soci\u00e9t\u00e9.<\/p>\n<p>L&rsquo;entreprise est bas\u00e9e en France, un pays que j&rsquo;aime et dont je partage les valeurs, et qui est mon pays d\u2019adoption depuis plusieurs ann\u00e9es.<\/p>\n<p>Maria Fatiouchenko<\/p>\n<\/div><\/div><div class=\"w-separator size_custom\" style=\"height:40px\"><\/div><\/div><\/div><div class=\"wpb_column vc_column_container us_custom_95d492f5\"><div class=\"vc_column-inner\"><div class=\"w-separator size_custom\" style=\"height:10vh\" id=\"v5cd\"><style>@media(max-width:600px){ #v5cd{height:14vh!important}}<\/style><\/div><div class=\"w-image us_custom_17ce28a3 us_animate_this has_ratio align_none\"><div class=\"w-image-h\"><div style=\"padding-bottom:128.8889%\"><\/div><img decoding=\"async\" width=\"2560\" height=\"1630\" src=\"https:\/\/travelphilosophy.fr\/wp-content\/uploads\/2025\/01\/20221123_174920-scaled.jpg\" class=\"attachment-full size-full\" alt=\"\" loading=\"lazy\" srcset=\"https:\/\/travelphilosophy.fr\/wp-content\/uploads\/2025\/01\/20221123_174920-scaled.jpg 2560w, https:\/\/travelphilosophy.fr\/wp-content\/uploads\/2025\/01\/20221123_174920-300x191.jpg 300w, https:\/\/travelphilosophy.fr\/wp-content\/uploads\/2025\/01\/20221123_174920-1024x652.jpg 1024w, https:\/\/travelphilosophy.fr\/wp-content\/uploads\/2025\/01\/20221123_174920-768x489.jpg 768w, https:\/\/travelphilosophy.fr\/wp-content\/uploads\/2025\/01\/20221123_174920-1536x978.jpg 1536w, https:\/\/travelphilosophy.fr\/wp-content\/uploads\/2025\/01\/20221123_174920-2048x1304.jpg 2048w\" sizes=\"auto, (max-width: 2560px) 100vw, 2560px\" \/><\/div><\/div><div class=\"w-separator hide_on_mobiles size_large\"><\/div><\/div><\/div><\/div><\/div><\/section><section class=\"l-section wpb_row height_medium\"><div class=\"l-section-h i-cf\"><div class=\"g-cols vc_row via_grid cols_1 laptops-cols_inherit tablets-cols_inherit mobiles-cols_1 valign_top type_default stacking_default\" style=\"--gap:2rem;\"><div class=\"wpb_column vc_column_container\"><div class=\"vc_column-inner\"><div class=\"w-separator us_custom_efc737f1 us_animate_this size_medium\"><\/div><div class=\"g-cols wpb_row via_grid cols_2 laptops-cols_inherit tablets-cols_inherit mobiles-cols_1 valign_top type_default stacking_default\" style=\"--gap:3rem;\"><div class=\"wpb_column vc_column_container\"><div class=\"vc_column-inner\"><\/div><\/div><div class=\"wpb_column vc_column_container\"><div class=\"vc_column-inner\"><div class=\"wpb_text_column us_custom_eaedfd85 us_animate_this\"><div class=\"wpb_wrapper\"><h2>My services<\/h2>\n<\/div><\/div><\/div><\/div><\/div><div class=\"w-separator size_medium\"><\/div><div class=\"w-grid us_post_list type_grid layout_609 cols_3 with_css_animation\" id=\"us_post_list_u5f0\" style=\"--gap:1.5rem;\" data-filterable=\"true\"><style>@media (max-width:1024px){#us_post_list_u5f0 .w-grid-item{width:50%}}@media (max-width:600px){#us_post_list_u5f0 .w-grid-list{margin:0}#us_post_list_u5f0 .w-grid-item{width:100%;padding:0;margin-bottom:var(--gap,0px)}}.layout_609 .w-grid-item-h{}.layout_609 .usg_post_title_1{font-size:30px!important;line-height:1.2!important;font-family:var(--h1-font-family)!important;font-weight:500!important;margin-top:30px!important}.layout_609 .usg_post_content_1{margin-top:30px!important}<\/style><div class=\"w-grid-list\">\t<article class=\"w-grid-item us_animate_afl size_1x1 post-1117 us_portfolio type-us_portfolio status-publish has-post-thumbnail hentry\" data-id=\"1117\" style=\"animation-delay:0s\">\r\n\t\t<div class=\"w-grid-item-h\">\r\n\t\t\t\t\t\t<div class=\"w-post-elm post_image usg_post_image_1 has_ratio\"><img loading=\"lazy\" decoding=\"async\" width=\"1024\" height=\"768\" src=\"https:\/\/travelphilosophy.fr\/wp-content\/uploads\/2025\/01\/Iran-1024x768.jpg\" class=\"attachment-large size-large wp-post-image\" alt=\"\" srcset=\"https:\/\/travelphilosophy.fr\/wp-content\/uploads\/2025\/01\/Iran-1024x768.jpg 1024w, https:\/\/travelphilosophy.fr\/wp-content\/uploads\/2025\/01\/Iran-300x225.jpg 300w, https:\/\/travelphilosophy.fr\/wp-content\/uploads\/2025\/01\/Iran-768x576.jpg 768w, https:\/\/travelphilosophy.fr\/wp-content\/uploads\/2025\/01\/Iran-1536x1152.jpg 1536w, https:\/\/travelphilosophy.fr\/wp-content\/uploads\/2025\/01\/Iran-2048x1536.jpg 2048w\" sizes=\"auto, (max-width: 1024px) 100vw, 1024px\" \/><div style=\"padding-bottom:56.25%\"><\/div><\/div><h3 class=\"w-post-elm post_title usg_post_title_1 entry-title color_link_inherit\">Services personnalis\u00e9s de r\u00e9servation d&rsquo;h\u00f4tel avec une connaissance approfondie des \u00e9tablissements dans le monde entier : escapades citadines, s\u00e9jours baln\u00e9aires, voyages de ski, safaris, exp\u00e9ditions<\/h3>\t\t<\/div>\r\n\t\t\t<\/article>\r\n\t<article class=\"w-grid-item us_animate_afl size_1x1 post-1121 us_portfolio type-us_portfolio status-publish has-post-thumbnail hentry\" data-id=\"1121\" style=\"animation-delay:0.1s\">\r\n\t\t<div class=\"w-grid-item-h\">\r\n\t\t\t\t\t\t<div class=\"w-post-elm post_image usg_post_image_1 has_ratio\"><img loading=\"lazy\" decoding=\"async\" width=\"1024\" height=\"768\" src=\"https:\/\/travelphilosophy.fr\/wp-content\/uploads\/2025\/01\/20241027_152341-1024x768.jpg\" class=\"attachment-large size-large wp-post-image\" alt=\"\" srcset=\"https:\/\/travelphilosophy.fr\/wp-content\/uploads\/2025\/01\/20241027_152341-1024x768.jpg 1024w, https:\/\/travelphilosophy.fr\/wp-content\/uploads\/2025\/01\/20241027_152341-300x225.jpg 300w, https:\/\/travelphilosophy.fr\/wp-content\/uploads\/2025\/01\/20241027_152341-768x576.jpg 768w, https:\/\/travelphilosophy.fr\/wp-content\/uploads\/2025\/01\/20241027_152341-1536x1152.jpg 1536w, https:\/\/travelphilosophy.fr\/wp-content\/uploads\/2025\/01\/20241027_152341-2048x1536.jpg 2048w\" sizes=\"auto, (max-width: 1024px) 100vw, 1024px\" \/><div style=\"padding-bottom:56.25%\"><\/div><\/div><h3 class=\"w-post-elm post_title usg_post_title_1 entry-title color_link_inherit\">Planification d\u00e9taill\u00e9e de l&rsquo;itin\u00e9raire de voyage avec les services n\u00e9cessaires : guides, transferts, r\u00e9servations de restaurants<\/h3>\t\t<\/div>\r\n\t\t\t<\/article>\r\n\t<article class=\"w-grid-item us_animate_afl size_1x1 post-1123 us_portfolio type-us_portfolio status-publish has-post-thumbnail hentry\" data-id=\"1123\" style=\"animation-delay:0.2s\">\r\n\t\t<div class=\"w-grid-item-h\">\r\n\t\t\t\t\t\t<div class=\"w-post-elm post_image usg_post_image_1 has_ratio\"><img loading=\"lazy\" decoding=\"async\" width=\"1024\" height=\"768\" src=\"https:\/\/travelphilosophy.fr\/wp-content\/uploads\/2025\/01\/20230202_094333-1024x768.jpg\" class=\"attachment-large size-large wp-post-image\" alt=\"\" srcset=\"https:\/\/travelphilosophy.fr\/wp-content\/uploads\/2025\/01\/20230202_094333-1024x768.jpg 1024w, https:\/\/travelphilosophy.fr\/wp-content\/uploads\/2025\/01\/20230202_094333-300x225.jpg 300w, https:\/\/travelphilosophy.fr\/wp-content\/uploads\/2025\/01\/20230202_094333-768x576.jpg 768w, https:\/\/travelphilosophy.fr\/wp-content\/uploads\/2025\/01\/20230202_094333-1536x1152.jpg 1536w, https:\/\/travelphilosophy.fr\/wp-content\/uploads\/2025\/01\/20230202_094333-2048x1536.jpg 2048w\" sizes=\"auto, (max-width: 1024px) 100vw, 1024px\" \/><div style=\"padding-bottom:56.25%\"><\/div><\/div><h3 class=\"w-post-elm post_title usg_post_title_1 entry-title color_link_inherit\">Voyages th\u00e9matiques : billets pour les \u00e9v\u00e9nements, gastronomie, activit\u00e9s, c\u00e9l\u00e9brations<\/h3>\t\t<\/div>\r\n\t\t\t<\/article>\r\n\t<article class=\"w-grid-item us_animate_afl size_1x1 post-1125 us_portfolio type-us_portfolio status-publish has-post-thumbnail hentry\" data-id=\"1125\" style=\"animation-delay:0.3s\">\r\n\t\t<div class=\"w-grid-item-h\">\r\n\t\t\t\t\t\t<div class=\"w-post-elm post_image usg_post_image_1 has_ratio\"><img loading=\"lazy\" decoding=\"async\" width=\"830\" height=\"580\" src=\"https:\/\/travelphilosophy.fr\/wp-content\/uploads\/2025\/01\/alexander-kaunas-xEaAoizNFV8-unsplash-1.webp\" class=\"attachment-large size-large wp-post-image\" alt=\"\" srcset=\"https:\/\/travelphilosophy.fr\/wp-content\/uploads\/2025\/01\/alexander-kaunas-xEaAoizNFV8-unsplash-1.webp 830w, https:\/\/travelphilosophy.fr\/wp-content\/uploads\/2025\/01\/alexander-kaunas-xEaAoizNFV8-unsplash-1-300x210.webp 300w\" sizes=\"auto, (max-width: 830px) 100vw, 830px\" \/><div style=\"padding-bottom:56.25%\"><\/div><\/div><h3 class=\"w-post-elm post_title usg_post_title_1 entry-title color_link_inherit\">Locations de villas, de chalets et croisi\u00e8res<\/h3>\t\t<\/div>\r\n\t\t\t<\/article>\r\n\t<article class=\"w-grid-item us_animate_afl size_1x1 post-1127 us_portfolio type-us_portfolio status-publish has-post-thumbnail hentry\" data-id=\"1127\" style=\"animation-delay:0.4s\">\r\n\t\t<div class=\"w-grid-item-h\">\r\n\t\t\t\t\t\t<div class=\"w-post-elm post_image usg_post_image_1 has_ratio\"><img loading=\"lazy\" decoding=\"async\" width=\"1024\" height=\"580\" src=\"https:\/\/travelphilosophy.fr\/wp-content\/uploads\/2025\/01\/20221122_185624-1024x580.jpg\" class=\"attachment-large size-large wp-post-image\" alt=\"\" srcset=\"https:\/\/travelphilosophy.fr\/wp-content\/uploads\/2025\/01\/20221122_185624-1024x580.jpg 1024w, https:\/\/travelphilosophy.fr\/wp-content\/uploads\/2025\/01\/20221122_185624-300x170.jpg 300w, https:\/\/travelphilosophy.fr\/wp-content\/uploads\/2025\/01\/20221122_185624-768x435.jpg 768w, https:\/\/travelphilosophy.fr\/wp-content\/uploads\/2025\/01\/20221122_185624-1536x870.jpg 1536w, https:\/\/travelphilosophy.fr\/wp-content\/uploads\/2025\/01\/20221122_185624-2048x1160.jpg 2048w\" sizes=\"auto, (max-width: 1024px) 100vw, 1024px\" \/><div style=\"padding-bottom:56.25%\"><\/div><\/div><h3 class=\"w-post-elm post_title usg_post_title_1 entry-title color_link_inherit\">Suivi 24h\/24 et 7j\/7 pendant le voyage<\/h3>\t\t<\/div>\r\n\t\t\t<\/article>\r\n\t<article class=\"w-grid-item us_animate_afl size_1x1 post-1158 us_portfolio type-us_portfolio status-publish has-post-thumbnail hentry\" data-id=\"1158\" style=\"animation-delay:0.5s\">\r\n\t\t<div class=\"w-grid-item-h\">\r\n\t\t\t\t\t\t<div class=\"w-post-elm post_image usg_post_image_1 has_ratio\"><img loading=\"lazy\" decoding=\"async\" width=\"1024\" height=\"686\" src=\"https:\/\/travelphilosophy.fr\/wp-content\/uploads\/2025\/01\/20230202_073021-dune-1024x686.jpg\" class=\"attachment-large size-large wp-post-image\" alt=\"\" srcset=\"https:\/\/travelphilosophy.fr\/wp-content\/uploads\/2025\/01\/20230202_073021-dune-1024x686.jpg 1024w, https:\/\/travelphilosophy.fr\/wp-content\/uploads\/2025\/01\/20230202_073021-dune-300x201.jpg 300w\" sizes=\"auto, (max-width: 1024px) 100vw, 1024px\" \/><div style=\"padding-bottom:56.25%\"><\/div><\/div><h3 class=\"w-post-elm post_title usg_post_title_1 entry-title color_link_inherit\">Billets d\u2019avion<\/h3>\t\t<\/div>\r\n\t\t\t<\/article>\r\n<\/div><div class=\"g-loadmore hidden\"><div class=\"g-preloader type_1\"><div><\/div><\/div><\/div><div class=\"w-grid-list-json hidden\" onclick='return {&quot;max_num_pages&quot;:0,&quot;pagination&quot;:&quot;none&quot;,&quot;paged&quot;:1,&quot;ajaxData&quot;:{&quot;_nonce&quot;:&quot;5156cc6cb9&quot;,&quot;action&quot;:&quot;us_ajax_post_list&quot;,&quot;template_vars&quot;:{&quot;paged&quot;:1,&quot;max_num_pages&quot;:0,&quot;no_results&quot;:false,&quot;source&quot;:&quot;all&quot;,&quot;ids&quot;:null,&quot;post_type&quot;:&quot;us_portfolio&quot;,&quot;post_author&quot;:&quot;any&quot;,&quot;post_author_ids&quot;:&quot;&quot;,&quot;exclude_children&quot;:0,&quot;exclude_current_post&quot;:1,&quot;exclude_prev_posts&quot;:0,&quot;apply_url_params&quot;:0,&quot;tax_query_relation&quot;:&quot;none&quot;,&quot;tax_query&quot;:[{&quot;operator&quot;:&quot;IN&quot;,&quot;taxonomy&quot;:&quot;category&quot;,&quot;terms&quot;:&quot;&quot;,&quot;include_children&quot;:0}],&quot;meta_query_relation&quot;:&quot;none&quot;,&quot;meta_query&quot;:[{&quot;key&quot;:&quot;custom_field_name&quot;,&quot;compare&quot;:&quot;=&quot;,&quot;value&quot;:&quot;&quot;}],&quot;orderby&quot;:&quot;date&quot;,&quot;orderby_custom_field&quot;:&quot;&quot;,&quot;orderby_custom_type&quot;:0,&quot;order_invert&quot;:0,&quot;show_all&quot;:0,&quot;quantity&quot;:&quot;6&quot;,&quot;no_items_action&quot;:&quot;message&quot;,&quot;no_items_message&quot;:&quot;Aucun r\\u00e9sultat.&quot;,&quot;no_items_page_block&quot;:&quot;&quot;,&quot;pagination&quot;:&quot;none&quot;,&quot;pagination_style&quot;:&quot;&quot;,&quot;pagination_btn_text&quot;:&quot;Charger plus&quot;,&quot;pagination_btn_size&quot;:&quot;&quot;,&quot;pagination_btn_style&quot;:&quot;1&quot;,&quot;pagination_btn_fullwidth&quot;:0,&quot;items_layout&quot;:&quot;609&quot;,&quot;type&quot;:&quot;grid&quot;,&quot;items_valign&quot;:0,&quot;ignore_items_size&quot;:0,&quot;load_animation&quot;:&quot;afl&quot;,&quot;columns&quot;:&quot;3&quot;,&quot;items_gap&quot;:&quot;1.5rem&quot;,&quot;img_size&quot;:&quot;default&quot;,&quot;title_size&quot;:&quot;&quot;,&quot;items_ratio&quot;:&quot;default&quot;,&quot;items_ratio_width&quot;:&quot;21&quot;,&quot;items_ratio_height&quot;:&quot;9&quot;,&quot;overriding_link&quot;:&quot;%7B%22url%22%3A%22%22%7D&quot;,&quot;popup_width&quot;:&quot;&quot;,&quot;popup_arrows&quot;:1,&quot;breakpoint_1_width&quot;:&quot;1381px&quot;,&quot;breakpoint_1_cols&quot;:&quot;default&quot;,&quot;breakpoint_1_gap&quot;:&quot;&quot;,&quot;breakpoint_2_width&quot;:&quot;1025px&quot;,&quot;breakpoint_2_cols&quot;:&quot;2&quot;,&quot;breakpoint_2_gap&quot;:&quot;&quot;,&quot;breakpoint_3_width&quot;:&quot;601px&quot;,&quot;breakpoint_3_cols&quot;:&quot;1&quot;,&quot;breakpoint_3_gap&quot;:&quot;&quot;,&quot;conditions_operator&quot;:&quot;always&quot;,&quot;conditions&quot;:[],&quot;css&quot;:null,&quot;el_class&quot;:&quot;&quot;,&quot;el_id&quot;:&quot;&quot;,&quot;enable_custom_html_atts&quot;:0,&quot;custom_html_atts&quot;:null,&quot;hide_on_states&quot;:&quot;&quot;,&quot;hide_for_sticky&quot;:0,&quot;hide_for_not_sticky&quot;:0,&quot;hide_below&quot;:&quot;0px&quot;,&quot;hide_above&quot;:&quot;0px&quot;,&quot;classes&quot;:&quot;&quot;},&quot;meta_type&quot;:&quot;post&quot;,&quot;object_id&quot;:0}}'><\/div><\/div><\/div><\/div><\/div><\/div><\/section><section class=\"l-section wpb_row height_custom\"><div class=\"l-section-h i-cf\"><div class=\"g-cols vc_row via_grid cols_2 laptops-cols_inherit tablets-cols_inherit mobiles-cols_1 valign_middle type_default reversed stacking_default\" style=\"--gap:0rem;\"><div class=\"wpb_column vc_column_container us_custom_ebda694a\"><div class=\"vc_column-inner\"><div class=\"w-image us_custom_390fea19 us_animate_this has_ratio align_none\"><div class=\"w-image-h\"><div style=\"padding-bottom:69.8795%\"><\/div><img decoding=\"async\" width=\"830\" height=\"580\" src=\"https:\/\/travelphilosophy.fr\/wp-content\/uploads\/2025\/01\/alexander-kaunas-xEaAoizNFV8-unsplash-1.webp\" class=\"attachment-full size-full\" alt=\"\" loading=\"lazy\" srcset=\"https:\/\/travelphilosophy.fr\/wp-content\/uploads\/2025\/01\/alexander-kaunas-xEaAoizNFV8-unsplash-1.webp 830w, https:\/\/travelphilosophy.fr\/wp-content\/uploads\/2025\/01\/alexander-kaunas-xEaAoizNFV8-unsplash-1-300x210.webp 300w\" sizes=\"auto, (max-width: 830px) 100vw, 830px\" \/><\/div><\/div><\/div><\/div><div class=\"wpb_column vc_column_container\"><div class=\"vc_column-inner\"><div class=\"wpb_text_column us_custom_69a4c150 us_animate_this\"><div class=\"wpb_wrapper\"><h2><strong>Contacts <\/strong><\/h2>\n<\/div><\/div><div class=\"w-separator size_medium\"><\/div><div class=\"wpb_text_column us_custom_49ae70de us_animate_this\"><div class=\"wpb_wrapper\"><p><a href=\"mailto:maria@travelphilosophy.fr\"><strong>maria@<\/strong><strong>travelphilosophy.<\/strong><strong>fr<\/strong><\/a><\/p>\n<p>TIDS 96188400<\/p>\n<\/div><\/div><div class=\"w-separator size_medium\"><\/div><div class=\"w-vwrapper align_center valign_top\" style=\"--vwrapper-gap:1rem\"><div class=\"w-image us_custom_8e1f8d6a align_none\"><div class=\"w-image-h\"><img decoding=\"async\" width=\"957\" height=\"267\" src=\"https:\/\/travelphilosophy.fr\/wp-content\/uploads\/2026\/01\/fr-logo-new.png\" class=\"attachment-large size-large\" alt=\"\" loading=\"lazy\" srcset=\"https:\/\/travelphilosophy.fr\/wp-content\/uploads\/2026\/01\/fr-logo-new.png 957w, https:\/\/travelphilosophy.fr\/wp-content\/uploads\/2026\/01\/fr-logo-new-300x84.png 300w\" sizes=\"auto, (max-width: 957px) 100vw, 957px\" \/><\/div><\/div><div class=\"w-image us_custom_d00f152d align_none\"><div class=\"w-image-h\"><img decoding=\"async\" width=\"380\" height=\"459\" src=\"https:\/\/travelphilosophy.fr\/wp-content\/uploads\/2025\/11\/ttawdawd.png\" class=\"attachment-large size-large\" alt=\"\" loading=\"lazy\" srcset=\"https:\/\/travelphilosophy.fr\/wp-content\/uploads\/2025\/11\/ttawdawd.png 380w, https:\/\/travelphilosophy.fr\/wp-content\/uploads\/2025\/11\/ttawdawd-248x300.png 248w\" sizes=\"auto, (max-width: 380px) 100vw, 380px\" \/><\/div><\/div><\/div><\/div><\/div><\/div><\/div><\/section><section class=\"l-section wpb_row height_custom\"><div class=\"l-section-h i-cf\"><div class=\"g-cols vc_row via_grid cols_1 laptops-cols_inherit tablets-cols_inherit mobiles-cols_1 valign_top type_default stacking_default\"><div class=\"wpb_column vc_column_container\"><div class=\"vc_column-inner\"><div class=\"wpb_text_column us_custom_8d18e958 us_animate_this\"><div class=\"wpb_wrapper\"><p>Photos by Maria Fatiouchtenko and Sebastian Zelechowski<\/p>\n<\/div><\/div><\/div><\/div><\/div><\/div><\/section>\n","protected":false},"excerpt":{"rendered":"","protected":false},"author":1,"featured_media":0,"parent":0,"menu_order":0,"comment_status":"closed","ping_status":"closed","template":"","meta":{"footnotes":""},"class_list":["post-528","page","type-page","status-publish","hentry"],"_links":{"self":[{"href":"https:\/\/travelphilosophy.fr\/fr\/wp-json\/wp\/v2\/pages\/528","targetHints":{"allow":["GET"]}}],"collection":[{"href":"https:\/\/travelphilosophy.fr\/fr\/wp-json\/wp\/v2\/pages"}],"about":[{"href":"https:\/\/travelphilosophy.fr\/fr\/wp-json\/wp\/v2\/types\/page"}],"author":[{"embeddable":true,"href":"https:\/\/travelphilosophy.fr\/fr\/wp-json\/wp\/v2\/users\/1"}],"replies":[{"embeddable":true,"href":"https:\/\/travelphilosophy.fr\/fr\/wp-json\/wp\/v2\/comments?post=528"}],"version-history":[{"count":6,"href":"https:\/\/travelphilosophy.fr\/fr\/wp-json\/wp\/v2\/pages\/528\/revisions"}],"predecessor-version":[{"id":1183,"href":"https:\/\/travelphilosophy.fr\/fr\/wp-json\/wp\/v2\/pages\/528\/revisions\/1183"}],"wp:attachment":[{"href":"https:\/\/travelphilosophy.fr\/fr\/wp-json\/wp\/v2\/media?parent=528"}],"curies":[{"name":"wp","href":"https:\/\/api.w.org\/{rel}","templated":true}]}}